{"id":5165,"date":"2025-03-03T11:07:17","date_gmt":"2025-03-03T10:07:17","guid":{"rendered":"https:\/\/www.plantanious.com\/?page_id=5165"},"modified":"2025-11-13T11:12:01","modified_gmt":"2025-11-13T10:12:01","slug":"hr","status":"publish","type":"page","link":"https:\/\/www.plantanious.com\/de\/hr\/","title":{"rendered":"HR"},"content":{"rendered":"<div data-elementor-type=\"wp-page\" data-elementor-id=\"5165\" class=\"elementor elementor-5165\" data-elementor-post-type=\"page\">\n\t\t\t\t<div class=\"elementor-element elementor-element-dde634a e-flex e-con-boxed e-con e-parent\" data-id=\"dde634a\" data-element_type=\"container\" data-e-type=\"container\">\n\t\t\t\t\t<div class=\"e-con-inner\">\n\t\t\t\t<div class=\"elementor-element elementor-element-191aba0 elementor-widget elementor-widget-heading\" data-id=\"191aba0\" data-element_type=\"widget\" data-e-type=\"widget\" data-widget_type=\"heading.default\">\n\t\t\t\t<div class=\"elementor-widget-container\">\n\t\t\t\t\t<h1 class=\"elementor-heading-title elementor-size-default\">HR CHATBOT<\/h1>\t\t\t\t<\/div>\n\t\t\t\t<\/div>\n\t\t\t\t\t<\/div>\n\t\t\t\t<\/div>\n\t\t<div class=\"elementor-element elementor-element-037bc11 e-flex e-con-boxed e-con e-parent\" data-id=\"037bc11\" data-element_type=\"container\" data-e-type=\"container\">\n\t\t\t\t\t<div class=\"e-con-inner\">\n\t\t\t\t<div class=\"elementor-element elementor-element-8df3d86 elementor-widget elementor-widget-text-editor\" data-id=\"8df3d86\" data-element_type=\"widget\" data-e-type=\"widget\" data-widget_type=\"text-editor.default\">\n\t\t\t\t<div class=\"elementor-widget-container\">\n\t\t\t\t\t\t\t\t\t<p>Sie k\u00f6nnen diese Seite nur sehen, wenn Sie eingeloggt sind. Wenn Sie kein Konto haben, k\u00f6nnen Sie eines anfordern \u00fcber <a href=\"mailto:Joost@plantanious.com\">Joost@plantanious.com<\/a><\/p>\t\t\t\t\t\t\t\t<\/div>\n\t\t\t\t<\/div>\n\t\t\t\t\t<\/div>\n\t\t\t\t<\/div>\n\t\t<div class=\"elementor-element elementor-element-57e8fad e-flex e-con-boxed e-con e-parent\" data-id=\"57e8fad\" data-element_type=\"container\" data-e-type=\"container\">\n\t\t\t\t\t<div class=\"e-con-inner\">\n\t\t\t\t\t<\/div>\n\t\t\t\t<\/div>\n\t\t\t\t<\/div>","protected":false},"excerpt":{"rendered":"<p>HR CHATBOT Beste collega, op deze pagina kun je al jouw vragen stellen aan de chatbot hieronder. Deze chatbot kent de bedrijfsregels van Plantanious en Persoon Potplanten. Mocht er een vraag bij zitten waar de chatbot geen antwoord op weet, dan kun je een mailtje sturen naar Joost@plantanious.com Je kunt deze pagina enkel bekijken als [&hellip;]<\/p>\n","protected":false},"author":1,"featured_media":0,"parent":0,"menu_order":0,"comment_status":"closed","ping_status":"closed","template":"","meta":{"footnotes":""},"class_list":["post-5165","page","type-page","status-publish","hentry"],"_links":{"self":[{"href":"https:\/\/www.plantanious.com\/de\/wp-json\/wp\/v2\/pages\/5165","targetHints":{"allow":["GET"]}}],"collection":[{"href":"https:\/\/www.plantanious.com\/de\/wp-json\/wp\/v2\/pages"}],"about":[{"href":"https:\/\/www.plantanious.com\/de\/wp-json\/wp\/v2\/types\/page"}],"author":[{"embeddable":true,"href":"https:\/\/www.plantanious.com\/de\/wp-json\/wp\/v2\/users\/1"}],"replies":[{"embeddable":true,"href":"https:\/\/www.plantanious.com\/de\/wp-json\/wp\/v2\/comments?post=5165"}],"version-history":[{"count":0,"href":"https:\/\/www.plantanious.com\/de\/wp-json\/wp\/v2\/pages\/5165\/revisions"}],"wp:attachment":[{"href":"https:\/\/www.plantanious.com\/de\/wp-json\/wp\/v2\/media?parent=5165"}],"curies":[{"name":"wp","href":"https:\/\/api.w.org\/{rel}","templated":true}]}}